{"id":59,"date":"2017-07-26T01:39:25","date_gmt":"2017-07-26T06:39:25","guid":{"rendered":"https:\/\/lsfpanama.com\/wp_sitio\/?page_id=59"},"modified":"2019-06-19T13:37:49","modified_gmt":"2019-06-19T18:37:49","slug":"contactenos","status":"publish","type":"page","link":"https:\/\/lsfpanama.com\/wp_sitio\/contactenos\/","title":{"rendered":"Cont\u00e1ctenos"},"content":{"rendered":"\t\t<div data-elementor-type=\"wp-page\" data-elementor-id=\"59\" class=\"elementor elementor-59\">\n\t\t\t\t\t\t<section class=\"elementor-section elementor-top-section elementor-element elementor-element-7cd43b0 elementor-section-boxed elementor-section-height-default elementor-section-height-default\" data-id=\"7cd43b0\" data-element_type=\"section\" data-e-type=\"section\">\n\t\t\t\t\t\t<div class=\"elementor-container elementor-column-gap-default\">\n\t\t\t\t\t<div class=\"elementor-column elementor-col-100 elementor-top-column elementor-element elementor-element-eebecfa\" data-id=\"eebecfa\" data-element_type=\"column\" data-e-type=\"column\">\n\t\t\t<div class=\"elementor-widget-wrap\">\n\t\t\t\t\t\t\t<\/div>\n\t\t<\/div>\n\t\t\t\t\t<\/div>\n\t\t<\/section>\n\t\t\t\t<section class=\"elementor-section elementor-top-section elementor-element elementor-element-785ae36 elementor-section-boxed elementor-section-height-default elementor-section-height-default\" data-id=\"785ae36\" data-element_type=\"section\" data-e-type=\"section\">\n\t\t\t\t\t\t<div class=\"elementor-container elementor-column-gap-default\">\n\t\t\t\t\t<div class=\"elementor-column elementor-col-50 elementor-top-column elementor-element elementor-element-c3f0fb8\" data-id=\"c3f0fb8\" data-element_type=\"column\" data-e-type=\"column\">\n\t\t\t<div class=\"elementor-widget-wrap elementor-element-populated\">\n\t\t\t\t\t\t<div class=\"elementor-element elementor-element-2e516eb eael-team-align-centered elementor-widget elementor-widget-eael-team-member\" data-id=\"2e516eb\" data-element_type=\"widget\" data-e-type=\"widget\" data-widget_type=\"eael-team-member.default\">\n\t\t\t\t<div class=\"elementor-widget-container\">\n\t\t\t\t\t\n\n\t<div id=\"eael-team-member-2e516eb\" class=\"eael-team-item eael-team-members-pro-style-5 \">\n\t\t<div class=\"eael-team-item-inner\">\n\t\t\t<div class=\"eael-team-image\">\n\t\t\t\t<figure>\n\t\t\t\t\t\t\t\t\t\t<img decoding=\"async\" src=\"https:\/\/lsfpanama.com\/wp_sitio\/wp-content\/uploads\/2017\/07\/SamuelOlivares_perfil.png\" alt=\"\">\n\t\t\t\t\t\t\t\t\t<\/figure>\n\t\t\t\t\n\t\t\t\t\n\t\t\t<\/div>\n\n\t\t\t<div class=\"eael-team-content\">\n\t\t\t\t<h2 class=\"eael-team-member-name\">Dr. Samuel Olivares T.<\/h2><h3 class=\"eael-team-member-position\">Filosofo<\/h3>\n\t\t\t\t\t\t\t\t\t\t\t\t\t\t\t<ul class=\"eael-team-member-social-profiles\">\n\t\t\t\t\t\t\t\t\t\t\t\t\t\t\t\t\t\t\t\t\t\t\t\t\t\t\t\t\t\t\t\t\t\t\t\t\t\t\t\t\t<li class=\"eael-team-member-social-link\">\n\t\t\t\t\t\t\t\t\t\t<a href=\"https:\/\/www.facebook.com\/LSFPanama\/\" target=\"_blank\">\n\t\t\t\t\t\t\t\t\t\t\t\t\t\t\t\t\t\t\t\t\t\t\t<i class=\"fa fa-facebook\"><\/i>\n\t\t\t\t\t\t\t\t\t\t\t\t\t\t\t\t\t\t\t\t\t<\/a>\n\t\t\t\t\t\t\t\t\t<\/li>\n\t\t\t\t\t\t\t\t\t\t\t\t\t\t\t\t\t\t\t\t\t\t\t\t\t\t\t\t\t\t\t\t\t\t\t\t\t\t\t\t\t\t\t\t\t\t\t\t\t<li class=\"eael-team-member-social-link\">\n\t\t\t\t\t\t\t\t\t\t<a href=\"https:\/\/twitter.com\/olivitto\" target=\"_blank\">\n\t\t\t\t\t\t\t\t\t\t\t\t\t\t\t\t\t\t\t\t\t\t\t<i class=\"fa fa-twitter\"><\/i>\n\t\t\t\t\t\t\t\t\t\t\t\t\t\t\t\t\t\t\t\t\t<\/a>\n\t\t\t\t\t\t\t\t\t<\/li>\n\t\t\t\t\t\t\t\t\t\t\t\t\t\t\t\t\t\t\t\t\t\t\t\t\t\t\t\t\t\t\t\t\t\t\t\t\t\t\t\t\t\t\t\t\t\t\t\t\t<li class=\"eael-team-member-social-link\">\n\t\t\t\t\t\t\t\t\t\t<a href=\"https:\/\/linkedin.com\/in\/samuel-olivares-322b3699\" target=\"_blank\">\n\t\t\t\t\t\t\t\t\t\t\t\t\t\t\t\t\t\t\t\t\t\t\t<i class=\"fa fa-linkedin\"><\/i>\n\t\t\t\t\t\t\t\t\t\t\t\t\t\t\t\t\t\t\t\t\t<\/a>\n\t\t\t\t\t\t\t\t\t<\/li>\n\t\t\t\t\t\t\t\t\t\t\t\t\t\t\t\t\t\t\t\t\t\t\t\t\t\t\t\t\t\t\t\t\t\t\t\t\t\t\t\t\t\t\t\t\t\t\t\t\t<li class=\"eael-team-member-social-link\">\n\t\t\t\t\t\t\t\t\t\t<a href=\"https:\/\/www.instagram.com\/lsfpanama\/\" target=\"_blank\">\n\t\t\t\t\t\t\t\t\t\t\t\t\t\t\t\t\t\t\t\t\t\t\t<i class=\"fa fa-instagram\"><\/i>\n\t\t\t\t\t\t\t\t\t\t\t\t\t\t\t\t\t\t\t\t\t<\/a>\n\t\t\t\t\t\t\t\t\t<\/li>\n\t\t\t\t\t\t\t\t\t\t\t\t\t\t\t\t\t\t\t\t\t<\/ul>\n\t\t\t\t\t\t\t\t\t\t<p class=\"eael-team-text\">Paname\u00f1o, Mag\u00edster y Doctorado en Filosof\u00eda, Consultor en Planificaci\u00f3n Estrat\u00e9gica, Liderazgo y Cambio Organizacional<\/p>\n\t\t\t\t\t\t\t<\/div>\n\t\t<\/div>\n\t<\/div>\n\t\t\t\t\t<\/div>\n\t\t\t\t<\/div>\n\t\t\t\t\t<\/div>\n\t\t<\/div>\n\t\t\t\t<div class=\"elementor-column elementor-col-50 elementor-top-column elementor-element elementor-element-09722b6\" data-id=\"09722b6\" data-element_type=\"column\" data-e-type=\"column\">\n\t\t\t<div class=\"elementor-widget-wrap elementor-element-populated\">\n\t\t\t\t\t\t<div class=\"elementor-element elementor-element-9c84bc3 elementor-widget elementor-widget-text-editor\" data-id=\"9c84bc3\" data-element_type=\"widget\" data-e-type=\"widget\" data-widget_type=\"text-editor.default\">\n\t\t\t\t<div class=\"elementor-widget-container\">\n\t\t\t\t\t\t\t\t\t<p><style type=\"text\/css\" id=\"cspFormShell_11_779095_style\">#cspFormShell_11_779095 {}\n#cspFormShell_11_779095 label {\n\twidth: 100%;\n}\n\/*Fields shell basic*\/\n#cspFormShell_11_779095 .cfsFieldShell input:not([type=\"checkbox\"]):not([type=\"radio\"]),\n#cspFormShell_11_779095 .cfsFieldShell textarea,\n#cspFormShell_11_779095 .cfsFieldShell .cfsListSelect, \n#cspFormShell_11_779095 .cfsFieldShell .cfsCheck,\n#cspFormShell_11_779095 .cfsFieldShell button{\n    padding: 10px;\n    width: 100%;\n    font-size: 18px;\n    line-height: normal;  \tborder: 1px solidrgba(51,51,51,0.1);\n    color:rgba(51,51,51,0.7);\n  \tbackground-color:#f7f7f7;    hyphens: none;\n    border-radius: 0;\n    margin: 0;\n    max-width: 100%;\n    vertical-align: baseline;\n  \tdisplay: block;\n  \theight: auto;\n}\n#cspFormShell_11_779095 .cfsFieldShell input[type=\"submit\"]:not([type=\"checkbox\"]):not([type=\"radio\"]), \n#cspFormShell_11_779095 .cfsFieldShell input[type=\"reset\"]:not([type=\"checkbox\"]):not([type=\"radio\"]), \n#cspFormShell_11_779095 .cfsFieldShell input[type=\"button\"],\n#cspFormShell_11_779095 .cfsFieldShell button {\n\tcursor: pointer;\n  \tfont-weight: 700;\n    border: 0 none;\n    color: #fff;\n    text-transform: uppercase;\n  \t-webkit-appearance: none;\n}\n#cspFormShell_11_779095 .cfsFieldShell input[type=\"submit\"]:not([type=\"checkbox\"]):not([type=\"radio\"]), \n#cspFormShell_11_779095 .cfsFieldShell input[type=\"button\"],\n#cspFormShell_11_779095 .cfsFieldShell button {  \tbackground-color: #333333;\n  \tbackground-image: none;}\n#cspFormShell_11_779095 .cfsFieldShell input[type=\"submit\"]:not([type=\"checkbox\"]):not([type=\"radio\"]):hover, \n#cspFormShell_11_779095 .cfsFieldShell input[type=\"button\"]:hover,\n#cspFormShell_11_779095 .cfsFieldShell button:hover {  \tbackground-color:rgba(51,51,51,0.7);}\n#cspFormShell_11_779095 .cfsFieldShell input[type=\"reset\"]:not([type=\"checkbox\"]):not([type=\"radio\"]) {  \tbackground-color: #333333;\n  \tbackground-image: none;}\n#cspFormShell_11_779095 .cfsFieldShell input[type=\"reset\"]:not([type=\"checkbox\"]):not([type=\"radio\"]):hover {  \tbackground-color:rgba(51,51,51,0.7);}\n\/* Placeholder text color -- selectors need to be separate to work. *\/\n#cspFormShell_11_779095 ::-webkit-input-placeholder {\n\tcolor: rgba(51, 51, 51, 0.7);\n}\n#cspFormShell_11_779095 :-moz-placeholder {\n\tcolor: rgba(51, 51, 51, 0.7);\n}\n#cspFormShell_11_779095 ::-moz-placeholder {\n\tcolor: rgba(51, 51, 51, 0.7);\n\topacity: 1; \/* Since FF19 lowers the opacity of the placeholder by default *\/\n}\n#cspFormShell_11_779095 :-ms-input-placeholder {\n\tcolor: rgba(51, 51, 51, 0.7);\n}#cspFormShell_11_779095 { width: 100%}#cspFormShell_11_779095 .cfsSuccessMsg { color: #1e73be !important}<\/style><div id=\"cspFormShell_11_779095\" class=\"cfsFormShell\"><form class=\"csfForm\" method=\"post\" action=\"https:\/\/lsfpanama.com\/wp_sitio\/\">\n<div class=\"supRow cfsFieldsRow\"><div class=\"supSm6 cfsFieldCol\" data-name=\"nombre\" data-type=\"text\"><div class=\"cfsFieldShell cfsField_text\" ><input type=\"text\" name=\"fields[nombre]\" value=\"\" data-name=\"nombre\" required  placeholder=\"Nombre\" \/><\/div><\/div><div class=\"supSm6 cfsFieldCol\" data-name=\"apellido\" data-type=\"text\"><div class=\"cfsFieldShell cfsField_text\" ><input type=\"text\" name=\"fields[apellido]\" value=\"\" data-name=\"apellido\" required  placeholder=\"Apellido\" \/><\/div><\/div><\/div><div class=\"supRow cfsFieldsRow\"><div class=\"supSm6 cfsFieldCol\" data-name=\"email\" data-type=\"email\"><div class=\"cfsFieldShell cfsField_email\" ><input type=\"email\" name=\"fields[email]\" value=\"\" data-name=\"email\" required  placeholder=\"Email\" \/><\/div><\/div><div class=\"supSm6 cfsFieldCol\" data-name=\"telefono\" data-type=\"text\"><div class=\"cfsFieldShell cfsField_text\" ><input type=\"text\" name=\"fields[telefono]\" value=\"\" data-name=\"telefono\" required  placeholder=\"Tel\u00e9fono\" \/><\/div><\/div><\/div><div class=\"supRow cfsFieldsRow\"><div class=\"supSm12 cfsFieldCol\" data-name=\"mensaje\" data-type=\"textarea\"><div class=\"cfsFieldShell cfsField_textarea\" ><textarea name=\"fields[mensaje]\" data-name=\"mensaje\" required  placeholder=\"Mensaje\" supRows=\"3\" cols=\"50\"><\/textarea><\/div><\/div><\/div><div class=\"supRow cfsFieldsRow\"><div class=\"supSm6 cfsFieldCol\" data-name=\"seguro\" data-type=\"recaptcha\"><div class=\"cfsFieldShell cfsField_recaptcha\" ><div class=\"g-recaptcha\" data-sitekey=\"6LcK3DIUAAAAABBTjhYEAYp2YGcz2FYjMAikPp9x\" data-theme=\"light\" data-type=\"image\" data-size=\"normal\" ><\/div><\/div><\/div><div class=\"supSm6 cfsFieldCol\" data-name=\"send\" data-type=\"submit\"><div class=\"cfsFieldShell cfsField_submit\" ><input type=\"submit\" name=\"fields[send]\" value=\"Enviar\" data-name=\"send\" \/><\/div><\/div><\/div>\n<input type=\"hidden\" name=\"mod\" value=\"forms\"  \/><input type=\"hidden\" name=\"action\" value=\"contact\"  \/><input type=\"hidden\" name=\"id\" value=\"11\"  \/><input type=\"hidden\" name=\"_wpnonce\" value=\"1e04ba9326\"  \/><div class=\"cfsContactMsg\"><\/div><\/form><\/div><span style=\"display: none !important;\" class=\"cfsFormDesc\">eyJpZCI6IjExIiwibGFiZWwiOiJGb3JtdWxhcmlvIEdlbmVyYWwiLCJhY3RpdmUiOiIxIiwib3JpZ2luYWxfaWQiOiIxIiwidW5pcXVlX2lkIjoid2VmajIiLCJwYXJhbXMiOnsiZW5hYmxlRm9yTWVtYmVyc2hpcCI6IjAiLCJ0cGwiOnsid2lkdGgiOiIxMDAiLCJ3aWR0aF9tZWFzdXJlIjoiJSIsImJnX3R5cGVfMCI6Im5vbmUiLCJiZ19pbWdfMCI6IiIsImJnX2NvbG9yXzAiOiIjODFkNzQyIiwiYmdfdHlwZV8xIjoiY29sb3IiLCJiZ19pbWdfMSI6IiIsImJnX2NvbG9yXzEiOiIjMzMzMzMzIiwiYmdfdHlwZV8yIjoiY29sb3IiLCJiZ19pbWdfMiI6IiIsImJnX2NvbG9yXzIiOiIjMzMzMzMzIiwiYmdfdHlwZV8zIjoiY29sb3IiLCJiZ19pbWdfMyI6IiIsImJnX2NvbG9yXzMiOiIjMzMzMzMzIiwiZmllbGRfZXJyb3JfaW52YWxpZCI6IiIsImZvcm1fc2VudF9tc2ciOiJcdTAwYTFHcmFjaWFzIHBvciBjb250YWN0YXJtZSEiLCJmb3JtX3NlbnRfbXNnX2NvbG9yIjoiIzFlNzNiZSIsImhpZGVfb25fc3VibWl0IjoiMSIsInJlZGlyZWN0X29uX3N1Ym1pdCI6IiIsInRlc3RfZW1haWwiOiJzdXBwb3J0QGxzZnBhbmFtYS5jb20iLCJzYXZlX2NvbnRhY3RzIjoiMSIsImV4cF9kZWxpbSI6IjsiLCJmYl9jb252ZXJ0X2Jhc2UiOiIiLCJmaWVsZF93cmFwcGVyIjoiPGRpdiBbZmllbGRfc2hlbGxfY2xhc3Nlc10gW2ZpZWxkX3NoZWxsX3N0eWxlc10+W2ZpZWxkXTxcL2Rpdj4ifSwiZmllbGRzIjpbeyJic19jbGFzc19pZCI6IjYiLCJuYW1lIjoibm9tYnJlIiwibGFiZWwiOiIiLCJwbGFjZWhvbGRlciI6Ik5vbWJyZSIsInZhbHVlIjoiIiwidmFsdWVfcHJlc2V0IjoiIiwiaHRtbCI6InRleHQiLCJtYW5kYXRvcnkiOiIxIiwibWluX3NpemUiOiIiLCJtYXhfc2l6ZSI6IiIsImFkZF9jbGFzc2VzIjoiIiwiYWRkX3N0eWxlcyI6IiIsImFkZF9hdHRyIjoiIiwidm5fb25seV9udW1iZXIiOiIwIiwidm5fb25seV9sZXR0ZXJzIjoiMCIsInZuX3BhdHRlcm4iOiIwIiwidm5fZXF1YWwiOiIiLCJpY29uX2NsYXNzIjoiIiwiaWNvbl9zaXplIjoiIiwiaWNvbl9jb2xvciI6IiIsInRlcm1zIjoiIn0seyJic19jbGFzc19pZCI6IjYiLCJuYW1lIjoiYXBlbGxpZG8iLCJsYWJlbCI6IiIsInBsYWNlaG9sZGVyIjoiQXBlbGxpZG8iLCJ2YWx1ZSI6IiIsInZhbHVlX3ByZXNldCI6IiIsImh0bWwiOiJ0ZXh0IiwibWFuZGF0b3J5IjoiMSIsIm1pbl9zaXplIjoiIiwibWF4X3NpemUiOiIiLCJhZGRfY2xhc3NlcyI6IiIsImFkZF9zdHlsZXMiOiIiLCJhZGRfYXR0ciI6IiIsInZuX29ubHlfbnVtYmVyIjoiMCIsInZuX29ubHlfbGV0dGVycyI6IjAiLCJ2bl9wYXR0ZXJuIjoiMCIsInZuX2VxdWFsIjoiIiwiaWNvbl9jbGFzcyI6IiIsImljb25fc2l6ZSI6IiIsImljb25fY29sb3IiOiIiLCJ0ZXJtcyI6IiJ9LHsiYnNfY2xhc3NfaWQiOiI2IiwibmFtZSI6ImVtYWlsIiwibGFiZWwiOiIiLCJwbGFjZWhvbGRlciI6IkVtYWlsIiwidmFsdWUiOiIiLCJ2YWx1ZV9wcmVzZXQiOiIiLCJodG1sIjoiZW1haWwiLCJtYW5kYXRvcnkiOiIxIiwibWluX3NpemUiOiIiLCJtYXhfc2l6ZSI6IiIsImFkZF9jbGFzc2VzIjoiIiwiYWRkX3N0eWxlcyI6IiIsImFkZF9hdHRyIjoiIiwidm5fb25seV9udW1iZXIiOiIwIiwidm5fb25seV9sZXR0ZXJzIjoiMCIsInZuX3BhdHRlcm4iOiIwIiwidm5fZXF1YWwiOiIiLCJpY29uX2NsYXNzIjoiIiwiaWNvbl9zaXplIjoiIiwiaWNvbl9jb2xvciI6IiIsInRlcm1zIjoiIn0seyJic19jbGFzc19pZCI6IjYiLCJuYW1lIjoidGVsZWZvbm8iLCJsYWJlbCI6IiIsInBsYWNlaG9sZGVyIjoiVGVsXHUwMGU5Zm9ubyIsInZhbHVlIjoiIiwidmFsdWVfcHJlc2V0IjoiIiwiaHRtbCI6InRleHQiLCJtYW5kYXRvcnkiOiIxIiwibWluX3NpemUiOiIiLCJtYXhfc2l6ZSI6IiIsImFkZF9jbGFzc2VzIjoiIiwiYWRkX3N0eWxlcyI6IiIsImFkZF9hdHRyIjoiIiwidm5fb25seV9udW1iZXIiOiIwIiwidm5fb25seV9sZXR0ZXJzIjoiMCIsInZuX3BhdHRlcm4iOiIiLCJ2bl9lcXVhbCI6IiIsImljb25fY2xhc3MiOiIiLCJpY29uX3NpemUiOiIiLCJpY29uX2NvbG9yIjoiIiwidGVybXMiOiIifSx7ImJzX2NsYXNzX2lkIjoiMTIiLCJuYW1lIjoibWVuc2FqZSIsImxhYmVsIjoiIiwicGxhY2Vob2xkZXIiOiJNZW5zYWplIiwidmFsdWUiOiIiLCJ2YWx1ZV9wcmVzZXQiOiIiLCJodG1sIjoidGV4dGFyZWEiLCJtYW5kYXRvcnkiOiIxIiwibWluX3NpemUiOiIiLCJtYXhfc2l6ZSI6IiIsImFkZF9jbGFzc2VzIjoiIiwiYWRkX3N0eWxlcyI6IiIsImFkZF9hdHRyIjoiIiwidm5fb25seV9udW1iZXIiOiIwIiwidm5fb25seV9sZXR0ZXJzIjoiMCIsInZuX3BhdHRlcm4iOiIwIiwidm5fZXF1YWwiOiIiLCJpY29uX2NsYXNzIjoiIiwiaWNvbl9zaXplIjoiIiwiaWNvbl9jb2xvciI6IiIsInRlcm1zIjoiIn0seyJic19jbGFzc19pZCI6IjYiLCJuYW1lIjoic2VndXJvIiwibGFiZWwiOiIiLCJodG1sIjoicmVjYXB0Y2hhIiwidGVybXMiOiIiLCJyZWNhcC10aGVtZSI6ImxpZ2h0IiwicmVjYXAtdHlwZSI6ImltYWdlIiwicmVjYXAtc2l6ZSI6Im5vcm1hbCJ9LHsiYnNfY2xhc3NfaWQiOiI2IiwibmFtZSI6InNlbmQiLCJsYWJlbCI6IkVudmlhciIsImh0bWwiOiJzdWJtaXQiLCJhZGRfY2xhc3NlcyI6IiIsImFkZF9zdHlsZXMiOiIiLCJhZGRfYXR0ciI6IiIsImljb25fY2xhc3MiOiIiLCJpY29uX3NpemUiOiIiLCJpY29uX2NvbG9yIjoiIiwidGVybXMiOiIifV0sIm9wdHNfYXR0cnMiOnsiYmdfbnVtYmVyIjoiNCJ9fSwiaW1nX3ByZXZpZXciOiJiYXNlLWNvbnRhY3QuanBnIiwidmlld3MiOiIzNjciLCJ1bmlxdWVfdmlld3MiOiIzNTciLCJhY3Rpb25zIjoiMTE1Iiwic29ydF9vcmRlciI6IjEiLCJpc19wcm8iOiIwIiwiYWJfaWQiOiIwIiwiZGF0ZV9jcmVhdGVkIjoiMjAxNi0wNS0wMyAxNTowMTowMyIsImltZ19wcmV2aWV3X3VybCI6Imh0dHBzOlwvXC9sc2ZwYW5hbWEuY29tXC93cF9zaXRpb1wvd3AtY29udGVudFwvcGx1Z2luc1wvY29udGFjdC1mb3JtLWJ5LXN1cHN5c3RpY1wvYXNzZXRzXC9mb3Jtc1wvaW1nXC9wcmV2aWV3XC9iYXNlLWNvbnRhY3QuanBnIiwidmlld19pZCI6IjExXzc3OTA5NSIsInZpZXdfaHRtbF9pZCI6ImNzcEZvcm1TaGVsbF8xMV83NzkwOTUiLCJjb25uZWN0X2hhc2giOiIxZTQyYzA0YjE1NjhkZDJlYTgyMTZmZWJlNDI3MzdlNSJ9<\/span><\/p>\t\t\t\t\t\t\t\t<\/div>\n\t\t\t\t<\/div>\n\t\t\t\t\t<\/div>\n\t\t<\/div>\n\t\t\t\t\t<\/div>\n\t\t<\/section>\n\t\t\t\t<\/div>\n\t\t","protected":false},"excerpt":{"rendered":"<p>Dr. Samuel Olivares T. Filosofo Paname\u00f1o, Mag\u00edster y Doctorado en Filosof\u00eda, Consultor en Planificaci\u00f3n Estrat\u00e9gica, Liderazgo y Cambio Organizacional<\/p>\n","protected":false},"author":1,"featured_media":0,"parent":0,"menu_order":0,"comment_status":"closed","ping_status":"closed","template":"page-fullwidth.php","meta":{"_acf_changed":false,"footnotes":""},"class_list":["post-59","page","type-page","status-publish","hentry"],"acf":[],"yoast_head":"<!-- This site is optimized with the Yoast SEO plugin v27.6 - https:\/\/yoast.com\/product\/yoast-seo-wordpress\/ -->\n<title>Cont\u00e1ctenos - LSF Panam\u00e1<\/title>\n<meta name=\"robots\" content=\"index, follow, max-snippet:-1, max-image-preview:large, max-video-preview:-1\" \/>\n<link rel=\"canonical\" href=\"https:\/\/lsfpanama.com\/wp_sitio\/contactenos\/\" \/>\n<meta property=\"og:locale\" content=\"es_ES\" \/>\n<meta property=\"og:type\" content=\"article\" \/>\n<meta property=\"og:title\" content=\"Cont\u00e1ctenos - LSF Panam\u00e1\" \/>\n<meta property=\"og:description\" content=\"Dr. Samuel Olivares T. Filosofo Paname\u00f1o, Mag\u00edster y Doctorado en Filosof\u00eda, Consultor en Planificaci\u00f3n Estrat\u00e9gica, Liderazgo y Cambio Organizacional\" \/>\n<meta property=\"og:url\" content=\"https:\/\/lsfpanama.com\/wp_sitio\/contactenos\/\" \/>\n<meta property=\"og:site_name\" content=\"LSF Panam\u00e1\" \/>\n<meta property=\"article:modified_time\" content=\"2019-06-19T18:37:49+00:00\" \/>\n<meta property=\"og:image\" content=\"https:\/\/lsfpanama.com\/wp_sitio\/wp-content\/uploads\/2017\/07\/SamuelOlivares_perfil.png\" \/>\n<meta name=\"twitter:card\" content=\"summary_large_image\" \/>\n<script type=\"application\/ld+json\" class=\"yoast-schema-graph\">{\"@context\":\"https:\\\/\\\/schema.org\",\"@graph\":[{\"@type\":\"WebPage\",\"@id\":\"https:\\\/\\\/lsfpanama.com\\\/wp_sitio\\\/contactenos\\\/\",\"url\":\"https:\\\/\\\/lsfpanama.com\\\/wp_sitio\\\/contactenos\\\/\",\"name\":\"Cont\u00e1ctenos - LSF Panam\u00e1\",\"isPartOf\":{\"@id\":\"https:\\\/\\\/lsfpanama.com\\\/wp_sitio\\\/#website\"},\"primaryImageOfPage\":{\"@id\":\"https:\\\/\\\/lsfpanama.com\\\/wp_sitio\\\/contactenos\\\/#primaryimage\"},\"image\":{\"@id\":\"https:\\\/\\\/lsfpanama.com\\\/wp_sitio\\\/contactenos\\\/#primaryimage\"},\"thumbnailUrl\":\"https:\\\/\\\/lsfpanama.com\\\/wp_sitio\\\/wp-content\\\/uploads\\\/2017\\\/07\\\/SamuelOlivares_perfil.png\",\"datePublished\":\"2017-07-26T06:39:25+00:00\",\"dateModified\":\"2019-06-19T18:37:49+00:00\",\"breadcrumb\":{\"@id\":\"https:\\\/\\\/lsfpanama.com\\\/wp_sitio\\\/contactenos\\\/#breadcrumb\"},\"inLanguage\":\"es\",\"potentialAction\":[{\"@type\":\"ReadAction\",\"target\":[\"https:\\\/\\\/lsfpanama.com\\\/wp_sitio\\\/contactenos\\\/\"]}]},{\"@type\":\"ImageObject\",\"inLanguage\":\"es\",\"@id\":\"https:\\\/\\\/lsfpanama.com\\\/wp_sitio\\\/contactenos\\\/#primaryimage\",\"url\":\"https:\\\/\\\/lsfpanama.com\\\/wp_sitio\\\/wp-content\\\/uploads\\\/2017\\\/07\\\/SamuelOlivares_perfil.png\",\"contentUrl\":\"https:\\\/\\\/lsfpanama.com\\\/wp_sitio\\\/wp-content\\\/uploads\\\/2017\\\/07\\\/SamuelOlivares_perfil.png\",\"width\":400,\"height\":400},{\"@type\":\"BreadcrumbList\",\"@id\":\"https:\\\/\\\/lsfpanama.com\\\/wp_sitio\\\/contactenos\\\/#breadcrumb\",\"itemListElement\":[{\"@type\":\"ListItem\",\"position\":1,\"name\":\"Home\",\"item\":\"https:\\\/\\\/lsfpanama.com\\\/wp_sitio\\\/\"},{\"@type\":\"ListItem\",\"position\":2,\"name\":\"Cont\u00e1ctenos\"}]},{\"@type\":\"WebSite\",\"@id\":\"https:\\\/\\\/lsfpanama.com\\\/wp_sitio\\\/#website\",\"url\":\"https:\\\/\\\/lsfpanama.com\\\/wp_sitio\\\/\",\"name\":\"LSF Panam\u00e1\",\"description\":\"Logistic and Strategy for the Future\",\"potentialAction\":[{\"@type\":\"SearchAction\",\"target\":{\"@type\":\"EntryPoint\",\"urlTemplate\":\"https:\\\/\\\/lsfpanama.com\\\/wp_sitio\\\/?s={search_term_string}\"},\"query-input\":{\"@type\":\"PropertyValueSpecification\",\"valueRequired\":true,\"valueName\":\"search_term_string\"}}],\"inLanguage\":\"es\"}]}<\/script>\n<!-- \/ Yoast SEO plugin. -->","yoast_head_json":{"title":"Cont\u00e1ctenos - LSF Panam\u00e1","robots":{"index":"index","follow":"follow","max-snippet":"max-snippet:-1","max-image-preview":"max-image-preview:large","max-video-preview":"max-video-preview:-1"},"canonical":"https:\/\/lsfpanama.com\/wp_sitio\/contactenos\/","og_locale":"es_ES","og_type":"article","og_title":"Cont\u00e1ctenos - LSF Panam\u00e1","og_description":"Dr. Samuel Olivares T. Filosofo Paname\u00f1o, Mag\u00edster y Doctorado en Filosof\u00eda, Consultor en Planificaci\u00f3n Estrat\u00e9gica, Liderazgo y Cambio Organizacional","og_url":"https:\/\/lsfpanama.com\/wp_sitio\/contactenos\/","og_site_name":"LSF Panam\u00e1","article_modified_time":"2019-06-19T18:37:49+00:00","og_image":[{"url":"https:\/\/lsfpanama.com\/wp_sitio\/wp-content\/uploads\/2017\/07\/SamuelOlivares_perfil.png","type":"","width":"","height":""}],"twitter_card":"summary_large_image","schema":{"@context":"https:\/\/schema.org","@graph":[{"@type":"WebPage","@id":"https:\/\/lsfpanama.com\/wp_sitio\/contactenos\/","url":"https:\/\/lsfpanama.com\/wp_sitio\/contactenos\/","name":"Cont\u00e1ctenos - LSF Panam\u00e1","isPartOf":{"@id":"https:\/\/lsfpanama.com\/wp_sitio\/#website"},"primaryImageOfPage":{"@id":"https:\/\/lsfpanama.com\/wp_sitio\/contactenos\/#primaryimage"},"image":{"@id":"https:\/\/lsfpanama.com\/wp_sitio\/contactenos\/#primaryimage"},"thumbnailUrl":"https:\/\/lsfpanama.com\/wp_sitio\/wp-content\/uploads\/2017\/07\/SamuelOlivares_perfil.png","datePublished":"2017-07-26T06:39:25+00:00","dateModified":"2019-06-19T18:37:49+00:00","breadcrumb":{"@id":"https:\/\/lsfpanama.com\/wp_sitio\/contactenos\/#breadcrumb"},"inLanguage":"es","potentialAction":[{"@type":"ReadAction","target":["https:\/\/lsfpanama.com\/wp_sitio\/contactenos\/"]}]},{"@type":"ImageObject","inLanguage":"es","@id":"https:\/\/lsfpanama.com\/wp_sitio\/contactenos\/#primaryimage","url":"https:\/\/lsfpanama.com\/wp_sitio\/wp-content\/uploads\/2017\/07\/SamuelOlivares_perfil.png","contentUrl":"https:\/\/lsfpanama.com\/wp_sitio\/wp-content\/uploads\/2017\/07\/SamuelOlivares_perfil.png","width":400,"height":400},{"@type":"BreadcrumbList","@id":"https:\/\/lsfpanama.com\/wp_sitio\/contactenos\/#breadcrumb","itemListElement":[{"@type":"ListItem","position":1,"name":"Home","item":"https:\/\/lsfpanama.com\/wp_sitio\/"},{"@type":"ListItem","position":2,"name":"Cont\u00e1ctenos"}]},{"@type":"WebSite","@id":"https:\/\/lsfpanama.com\/wp_sitio\/#website","url":"https:\/\/lsfpanama.com\/wp_sitio\/","name":"LSF Panam\u00e1","description":"Logistic and Strategy for the Future","potentialAction":[{"@type":"SearchAction","target":{"@type":"EntryPoint","urlTemplate":"https:\/\/lsfpanama.com\/wp_sitio\/?s={search_term_string}"},"query-input":{"@type":"PropertyValueSpecification","valueRequired":true,"valueName":"search_term_string"}}],"inLanguage":"es"}]}},"_links":{"self":[{"href":"https:\/\/lsfpanama.com\/wp_sitio\/wp-json\/wp\/v2\/pages\/59","targetHints":{"allow":["GET"]}}],"collection":[{"href":"https:\/\/lsfpanama.com\/wp_sitio\/wp-json\/wp\/v2\/pages"}],"about":[{"href":"https:\/\/lsfpanama.com\/wp_sitio\/wp-json\/wp\/v2\/types\/page"}],"author":[{"embeddable":true,"href":"https:\/\/lsfpanama.com\/wp_sitio\/wp-json\/wp\/v2\/users\/1"}],"replies":[{"embeddable":true,"href":"https:\/\/lsfpanama.com\/wp_sitio\/wp-json\/wp\/v2\/comments?post=59"}],"version-history":[{"count":0,"href":"https:\/\/lsfpanama.com\/wp_sitio\/wp-json\/wp\/v2\/pages\/59\/revisions"}],"wp:attachment":[{"href":"https:\/\/lsfpanama.com\/wp_sitio\/wp-json\/wp\/v2\/media?parent=59"}],"curies":[{"name":"wp","href":"https:\/\/api.w.org\/{rel}","templated":true}]}}