{"id":11,"date":"2017-07-14T23:08:07","date_gmt":"2017-07-15T04:08:07","guid":{"rendered":"https:\/\/lsfpanama.com\/wp_sitio\/?page_id=11"},"modified":"2019-06-19T14:16:53","modified_gmt":"2019-06-19T19:16:53","slug":"home","status":"publish","type":"page","link":"https:\/\/lsfpanama.com\/wp_sitio\/","title":{"rendered":"Home"},"content":{"rendered":"","protected":false},"excerpt":{"rendered":"","protected":false},"author":1,"featured_media":0,"parent":0,"menu_order":0,"comment_status":"closed","ping_status":"closed","template":"page-home.php","meta":{"_acf_changed":false,"footnotes":""},"class_list":["post-11","page","type-page","status-publish","hentry"],"acf":[],"yoast_head":"<!-- This site is optimized with the Yoast SEO plugin v27.4 - https:\/\/yoast.com\/product\/yoast-seo-wordpress\/ -->\n<title>Home - LSF Panam\u00e1<\/title>\n<meta name=\"description\" content=\"Consultor\u00eda de alta calidad para optimizaci\u00f3n, desde la perspectiva de mejora continua, innovaci\u00f3n y calidad en la gesti\u00f3n\" \/>\n<meta name=\"robots\" content=\"index, follow, max-snippet:-1, max-image-preview:large, max-video-preview:-1\" \/>\n<link rel=\"canonical\" href=\"https:\/\/lsfpanama.com\/wp_sitio\/\" \/>\n<meta property=\"og:locale\" content=\"es_ES\" \/>\n<meta property=\"og:type\" content=\"article\" \/>\n<meta property=\"og:title\" content=\"LSF Panam\u00e1\" \/>\n<meta property=\"og:description\" content=\"Consultar\u00eda de alta calidad para optimizaci\u00f3n, desde la perspectiva de mejora continua, innovaci\u00f3n y calidad en la gesti\u00f3n.\" \/>\n<meta property=\"og:url\" content=\"https:\/\/lsfpanama.com\/wp_sitio\/\" \/>\n<meta property=\"og:site_name\" content=\"LSF Panam\u00e1\" \/>\n<meta property=\"article:modified_time\" content=\"2019-06-19T19:16:53+00:00\" \/>\n<meta property=\"og:image\" content=\"https:\/\/lsfpanama.com\/wp_sitio\/wp-content\/uploads\/2017\/07\/SamuelOlivares_perfil.png\" \/>\n\t<meta property=\"og:image:width\" content=\"400\" \/>\n\t<meta property=\"og:image:height\" content=\"400\" \/>\n\t<meta property=\"og:image:type\" content=\"image\/png\" \/>\n<meta name=\"twitter:card\" content=\"summary_large_image\" \/>\n<meta name=\"twitter:title\" content=\"LSF Panam\u00e1\" \/>\n<meta name=\"twitter:description\" content=\"Consultar\u00eda de alta calidad para optimizaci\u00f3n, desde la perspectiva de mejora continua, innovaci\u00f3n y calidad en la gesti\u00f3n.\" \/>\n<meta name=\"twitter:image\" content=\"https:\/\/lsfpanama.com\/wp_sitio\/wp-content\/uploads\/2017\/07\/SamuelOlivares_perfil.png\" \/>\n<script type=\"application\/ld+json\" class=\"yoast-schema-graph\">{\"@context\":\"https:\\\/\\\/schema.org\",\"@graph\":[{\"@type\":\"WebPage\",\"@id\":\"https:\\\/\\\/lsfpanama.com\\\/wp_sitio\\\/\",\"url\":\"https:\\\/\\\/lsfpanama.com\\\/wp_sitio\\\/\",\"name\":\"Home - LSF Panam\u00e1\",\"isPartOf\":{\"@id\":\"https:\\\/\\\/lsfpanama.com\\\/wp_sitio\\\/#website\"},\"datePublished\":\"2017-07-15T04:08:07+00:00\",\"dateModified\":\"2019-06-19T19:16:53+00:00\",\"description\":\"Consultor\u00eda de alta calidad para optimizaci\u00f3n, desde la perspectiva de mejora continua, innovaci\u00f3n y calidad en la gesti\u00f3n\",\"breadcrumb\":{\"@id\":\"https:\\\/\\\/lsfpanama.com\\\/wp_sitio\\\/#breadcrumb\"},\"inLanguage\":\"es\",\"potentialAction\":[{\"@type\":\"ReadAction\",\"target\":[\"https:\\\/\\\/lsfpanama.com\\\/wp_sitio\\\/\"]}]},{\"@type\":\"BreadcrumbList\",\"@id\":\"https:\\\/\\\/lsfpanama.com\\\/wp_sitio\\\/#breadcrumb\",\"itemListElement\":[{\"@type\":\"ListItem\",\"position\":1,\"name\":\"Home\",\"item\":\"https:\\\/\\\/lsfpanama.com\\\/wp_sitio\\\/\"},{\"@type\":\"ListItem\",\"position\":2,\"name\":\"Home\"}]},{\"@type\":\"WebSite\",\"@id\":\"https:\\\/\\\/lsfpanama.com\\\/wp_sitio\\\/#website\",\"url\":\"https:\\\/\\\/lsfpanama.com\\\/wp_sitio\\\/\",\"name\":\"LSF Panam\u00e1\",\"description\":\"Logistic and Strategy for the Future\",\"potentialAction\":[{\"@type\":\"SearchAction\",\"target\":{\"@type\":\"EntryPoint\",\"urlTemplate\":\"https:\\\/\\\/lsfpanama.com\\\/wp_sitio\\\/?s={search_term_string}\"},\"query-input\":{\"@type\":\"PropertyValueSpecification\",\"valueRequired\":true,\"valueName\":\"search_term_string\"}}],\"inLanguage\":\"es\"}]}<\/script>\n<!-- \/ Yoast SEO plugin. -->","yoast_head_json":{"title":"Home - LSF Panam\u00e1","description":"Consultor\u00eda de alta calidad para optimizaci\u00f3n, desde la perspectiva de mejora continua, innovaci\u00f3n y calidad en la gesti\u00f3n","robots":{"index":"index","follow":"follow","max-snippet":"max-snippet:-1","max-image-preview":"max-image-preview:large","max-video-preview":"max-video-preview:-1"},"canonical":"https:\/\/lsfpanama.com\/wp_sitio\/","og_locale":"es_ES","og_type":"article","og_title":"LSF Panam\u00e1","og_description":"Consultar\u00eda de alta calidad para optimizaci\u00f3n, desde la perspectiva de mejora continua, innovaci\u00f3n y calidad en la gesti\u00f3n.","og_url":"https:\/\/lsfpanama.com\/wp_sitio\/","og_site_name":"LSF Panam\u00e1","article_modified_time":"2019-06-19T19:16:53+00:00","og_image":[{"width":400,"height":400,"url":"https:\/\/lsfpanama.com\/wp_sitio\/wp-content\/uploads\/2017\/07\/SamuelOlivares_perfil.png","type":"image\/png"}],"twitter_card":"summary_large_image","twitter_title":"LSF Panam\u00e1","twitter_description":"Consultar\u00eda de alta calidad para optimizaci\u00f3n, desde la perspectiva de mejora continua, innovaci\u00f3n y calidad en la gesti\u00f3n.","twitter_image":"https:\/\/lsfpanama.com\/wp_sitio\/wp-content\/uploads\/2017\/07\/SamuelOlivares_perfil.png","schema":{"@context":"https:\/\/schema.org","@graph":[{"@type":"WebPage","@id":"https:\/\/lsfpanama.com\/wp_sitio\/","url":"https:\/\/lsfpanama.com\/wp_sitio\/","name":"Home - LSF Panam\u00e1","isPartOf":{"@id":"https:\/\/lsfpanama.com\/wp_sitio\/#website"},"datePublished":"2017-07-15T04:08:07+00:00","dateModified":"2019-06-19T19:16:53+00:00","description":"Consultor\u00eda de alta calidad para optimizaci\u00f3n, desde la perspectiva de mejora continua, innovaci\u00f3n y calidad en la gesti\u00f3n","breadcrumb":{"@id":"https:\/\/lsfpanama.com\/wp_sitio\/#breadcrumb"},"inLanguage":"es","potentialAction":[{"@type":"ReadAction","target":["https:\/\/lsfpanama.com\/wp_sitio\/"]}]},{"@type":"BreadcrumbList","@id":"https:\/\/lsfpanama.com\/wp_sitio\/#breadcrumb","itemListElement":[{"@type":"ListItem","position":1,"name":"Home","item":"https:\/\/lsfpanama.com\/wp_sitio\/"},{"@type":"ListItem","position":2,"name":"Home"}]},{"@type":"WebSite","@id":"https:\/\/lsfpanama.com\/wp_sitio\/#website","url":"https:\/\/lsfpanama.com\/wp_sitio\/","name":"LSF Panam\u00e1","description":"Logistic and Strategy for the Future","potentialAction":[{"@type":"SearchAction","target":{"@type":"EntryPoint","urlTemplate":"https:\/\/lsfpanama.com\/wp_sitio\/?s={search_term_string}"},"query-input":{"@type":"PropertyValueSpecification","valueRequired":true,"valueName":"search_term_string"}}],"inLanguage":"es"}]}},"_links":{"self":[{"href":"https:\/\/lsfpanama.com\/wp_sitio\/wp-json\/wp\/v2\/pages\/11","targetHints":{"allow":["GET"]}}],"collection":[{"href":"https:\/\/lsfpanama.com\/wp_sitio\/wp-json\/wp\/v2\/pages"}],"about":[{"href":"https:\/\/lsfpanama.com\/wp_sitio\/wp-json\/wp\/v2\/types\/page"}],"author":[{"embeddable":true,"href":"https:\/\/lsfpanama.com\/wp_sitio\/wp-json\/wp\/v2\/users\/1"}],"replies":[{"embeddable":true,"href":"https:\/\/lsfpanama.com\/wp_sitio\/wp-json\/wp\/v2\/comments?post=11"}],"version-history":[{"count":0,"href":"https:\/\/lsfpanama.com\/wp_sitio\/wp-json\/wp\/v2\/pages\/11\/revisions"}],"wp:attachment":[{"href":"https:\/\/lsfpanama.com\/wp_sitio\/wp-json\/wp\/v2\/media?parent=11"}],"curies":[{"name":"wp","href":"https:\/\/api.w.org\/{rel}","templated":true}]}}